{"id":156,"date":"2022-10-07T22:02:16","date_gmt":"2022-10-07T20:02:16","guid":{"rendered":"http:\/\/laparoleguerit.fr\/?page_id=156"},"modified":"2024-03-12T10:27:13","modified_gmt":"2024-03-12T09:27:13","slug":"temoignages","status":"publish","type":"page","link":"http:\/\/laparoleguerit.fr\/?page_id=156","title":{"rendered":"T\u00e9moignages"},"content":{"rendered":"\n<p>\u00ab&nbsp;Vous nous avez permis de mettre en lumi\u00e8re et de comprendre certains de nos fonctionnements qui influent dans notre relation. Et surtout des pistes de r\u00e9flexions pour des sujets \u00e0 rediscuter entre nous.<\/p>\n\n\n\n<p>Vous avez su nous mettre en confiance et nous conforter dans un espace libre et s\u00e9curis\u00e9.<\/p>\n\n\n\n<p>Les \u00e9changes sont rythm\u00e9s par beaucoup d&rsquo;\u00e9coute, d\u2019attention et de d\u00e9licatesse.<\/p>\n\n\n\n<p>Nous sommes aujourd\u2019hui plus apais\u00e9s dans notre relation et notre vie de couple, mais \u00e9galement conscient que c\u2019est un travail quotidien et que devant une crise o\u00f9 nous ne parvenons pas \u00e0 en sortir seul, l\u2019aide d\u2019un professionnel est n\u00e9cessaire.<\/p>\n\n\n\n<p>Un engagement de tous les instants en faveur du couple.<\/p>\n\n\n\n<p>Merci&nbsp;\u00bb<\/p>\n\n\n\n<p><em>Marie-Claude et Frantz<\/em><\/p>\n\n\n\n<p class=\"has-text-align-center\">***<\/p>\n\n\n\n<p>\u00ab&nbsp;Le travail fait avec Florence nous a permis de sortir de l\u2019accusation r\u00e9ciproque pour comprendre que nous \u00e9tions enferm\u00e9s dans des \u00ab&nbsp;sc\u00e9narios&nbsp;\u00bb r\u00e9p\u00e9titifs de fonctionnement.<\/p>\n\n\n\n<p>Ce que nous faisions ensemble plut\u00f4t que ce que chacun faisait \u00e0 l\u2019autre. C\u2019est d\u00e9culpabilisant et lib\u00e9rant.<\/p>\n\n\n\n<p>Comprendre nos \u00ab&nbsp;boucles&nbsp;\u00bb, sortir de nos sch\u00e9mas a \u00e9t\u00e9 un gros travail, toujours remuant, parfois douloureux.<\/p>\n\n\n\n<p>Mais Florence a su nous tenir la main, avec patience, en s\u2019impliquant beaucoup tout en nous laissant libres de nos choix, on ne s\u2019est jamais senti jug\u00e9s.<\/p>\n\n\n\n<p>Tout n\u2019est pas r\u00e9gl\u00e9 \u00e0 ce jour, mais cet espace de parole nous est pr\u00e9cieux, et nous avons de la confiance pour l\u2019avenir.&nbsp;\u00bb<\/p>\n\n\n\n<p><em>A. et B.<\/em><\/p>\n\n\n\n<p class=\"has-text-align-center\">***<\/p>\n\n\n\n<p>\u00ab\u00a0Nous avons suivi un an de th\u00e9rapie avec Florence. Nous sommes arriv\u00e9s chez elle au bord de la s\u00e9paration. <\/p>\n\n\n\n<p>Epaul\u00e9s par Florence et sa gentillesse, nous sommes aujourd&rsquo;hui beaucoup plus sereins dans notre couple. Gr\u00e2ce \u00e0 son analyse fine des situations, nous repartons avec un autre regard sur l&rsquo;autre, mieux \u00e9quip\u00e9s pour nous comprendre que jamais.   <\/p>\n\n\n\n<p>Un grand merci.\u00a0\u00bb <\/p>\n\n\n\n<p><em>M. et P. <\/em><\/p>\n\n\n\n<p class=\"has-text-align-center\">***<\/p>\n\n\n\n<p>\u00ab&nbsp;C&rsquo;est en d\u00e9cembre 2020 que vous avons franchi pour la premi\u00e8re fois la porte du cabinet de Florence. Nous y arrivions l\u2019un et l\u2019autre \u00e0 bout de souffle&#8230; Alors que nous avions \u00e9t\u00e9 capables l\u2019un et l\u2019autre quelques ann\u00e9es auparavant de quitter nos conjoints pour cr\u00e9er un nouveau couple, nous \u00e9tions d\u00e9sormais incapables de nous comprendre&nbsp;; la situation entre nous se d\u00e9gradait de jour en jour et la vie \u00e9tait devenue invivable &#8230;.&nbsp;<\/p>\n\n\n\n<p>Tout de suite, Florence nous a \u00ab\u00a0plu\u00a0\u00bb et, l&rsquo;un comme l&rsquo;autre, nous nous y sommes attach\u00e9s &#8230;. Sans doute d&rsquo;ailleurs nous sommes nous attach\u00e9s tous les trois &#8230; Et l&rsquo;aventure a commenc\u00e9.&nbsp;<\/p>\n\n\n\n<p>Voila pos\u00e9 le contexte &#8230; Un couple en souffrance, une famille recompos\u00e9e au bord de la d\u00e9composition.<\/p>\n\n\n\n<p>La suite de ce t\u00e9moignage n&rsquo;engage que moi et refl\u00e8te uniquement mon propre ressenti.<\/p>\n\n\n\n<p>Le premier soulagement dans l&rsquo;interaction avec Florence fut la d\u00e9culpabilisation. Je n&rsquo;\u00e9tais pas en faute, lui non plus d&rsquo;ailleurs, nous \u00e9tions tous les deux prisonniers de boucles desquelles il ne nous \u00e9tait plus possible de sortir seuls. Et ce fut l&rsquo;\u00e9mergence de la triangulation, du \u00ab\u00a0nous\u00a0\u00bb en plus du \u00ab\u00a0je\u00a0\u00bb et du \u00ab\u00a0tu\u00a0\u00bb, la d\u00e9couverte d&rsquo;une entit\u00e9 propre au couple : la relation que nous avions tant n\u00e9glig\u00e9e ! Et pour cause, son existence ne nous avait m\u00eame pas effleur\u00e9e.<\/p>\n\n\n\n<p>S&rsquo;en sont alors suivis des mois de travail, des heures de discussion, de nombreux \u00e9changes, marqu\u00e9s de fa\u00e7on immuable par la sinc\u00e9rit\u00e9, la bienveillance infinie et l&rsquo;immense disponibilit\u00e9 de Florence. J&rsquo;ai travers\u00e9 durant cette p\u00e9riode de nombreux doutes, comme le reflet de mes incompr\u00e9hensions &#8230; Combien de fois ai-je dit \u00e0 Florence \u00ab\u00a0mais je ne comprends rien\u00a0\u00bb &#8230; Combien de fois cette phrase a-t-elle \u00e9t\u00e9 accueillie de son sourire si bienveillant, si profond, si empathique, port\u00e9 par ce visage inclin\u00e9 plein de douceur &#8230; Combien de fois ai-je tent\u00e9 de me d\u00e9rober \u00e0 mes \u00e9motions par l&rsquo;humour &#8230; Combien de fois ai-je entendu en retour son \u00e9clat de rire, dirig\u00e9 immuablement vers le plafond &#8230; Se mettre au diapason pour savoir entrer en relation avec l&rsquo;autre, sur son terrain, pour lui prendre la main et ne plus la lui l\u00e2cher. Florence a saisi la mienne et m&rsquo;a conduite sur des terres nouvelles &#8230;.<\/p>\n\n\n\n<p>Je ne dirais pas que j&rsquo;ai pris un virage \u00e0 360, j&rsquo;en serais au m\u00eame point ! Encore moins \u00e0 180, je rebrousserais chemin &#8230; Je dirais que cette rencontre avec Florence a infl\u00e9chi mon existence, profond\u00e9ment, bien au del\u00e0 d&rsquo;une histoire de couple, pour une vie. J&rsquo;ai toujours pens\u00e9 que l&rsquo;on croise les personnes que l&rsquo;on reconna\u00eet. Florence en est de celles-ci pour moi !<\/p>\n\n\n\n<p>Ma rigidit\u00e9 dans les relations, mes certitudes \u00e0 priori, les barri\u00e8res que je m&rsquo;\u00e9tais toujours mises ont laiss\u00e9 place progressivement \u00e0 une plus grande souplesse avec les autres mais aussi avec moi-m\u00eame. J&rsquo;ai appris \u00e0 essayer de voir la souffrance derri\u00e8re l&rsquo;agressivit\u00e9 voire la violence, \u00e0 comprendre que la relation \u00e0 deux ne l&rsquo;est vraiment que si elle est \u00e0 trois, le troisi\u00e8me \u00e9tant \u00ab\u00a0nous\u00a0\u00bb. J&rsquo;ai appris \u00e0 essayer de trouver un sens aux signes de la vie et \u00e0 en faire le meilleur. La route est longue et sinueuse, pleine d&rsquo;obstacles et d&rsquo;aller retours &#8230; Mais ma route existe. Et aujourd&rsquo;hui, je sens \u00e0 quel point ma libert\u00e9 ultime demeure dans des choix justes, mon bonheur dans ce que je donne. Le reste vient forc\u00e9ment &#8230; Voil\u00e0 des nouveaux messages que j&rsquo;essaie de transmettre \u00e0 mes enfants.<\/p>\n\n\n\n<p>Florence jongle adroitement entre ce qu&rsquo;elle est intrins\u00e8quement, ce qu&rsquo;elle partage d&rsquo;elle-m\u00eame avec une \u00e9motion toujours palpable, ce qu&rsquo;elle capte des autres et ce qu&rsquo;elle a appris de ce m\u00e9tier de th\u00e9rapeute &#8230; Je me suis toujours sentie comprise, que ce soit sur mes douleurs, sur mes peurs, sur mes doutes mais aussi, et finalement cela contribue sans doute aussi \u00e0 la confiance instaur\u00e9e entre nous, sur ce que peut \u00eatre la vie d&rsquo;une femme active et d&rsquo;une m\u00e8re de famille &#8230; Combien de fois ai-je vu dans son regard qu&rsquo;elle touchait du doigt la charge mentale qui pouvait \u00eatre la mienne au quotidien. Et c&rsquo;\u00e9tait important pour moi de me sentir comprise aussi sur ce plan l\u00e0, bien terre \u00e0 terre mais bien r\u00e9el aussi.<\/p>\n\n\n\n<p>M\u00eame le meilleur alpiniste ne gravira pas la montagne en tongs &#8230; Je dirais volontiers aujourd&rsquo;hui que je portais, sans doute comme chacun de nous, la volont\u00e9 d&#8217;emprunter le chemin de la vie. Florence m&rsquo;a donn\u00e9 des outils, me donne encore des outils pour avancer dans cette ascension vers les autres, et vers le vrai soi-m\u00eame.<\/p>\n\n\n\n<p>Mon histoire s&rsquo;\u00e9crit tous les jours, bien diff\u00e9rente de celle envisag\u00e9e, bien surprenante parfois &#8230; Et bien au-del\u00e0 de ce que je pensais possible. Mais apr\u00e8s tout, ce qui est impossible le reste jusqu&rsquo;au moment o\u00f9 tout devient possible &#8230;&nbsp;\u00bb<\/p>\n\n\n\n<p><em>Marianne<\/em><\/p>\n","protected":false},"excerpt":{"rendered":"<p>\u00ab&nbsp;Vous nous avez permis de mettre en lumi\u00e8re et de comprendre certains de nos fonctionnements qui influent dans notre relation. Et surtout des pistes de r\u00e9flexions pour des sujets \u00e0 rediscuter entre nous. Vous avez su nous mettre en confiance et nous conforter dans un espace libre et s\u00e9curis\u00e9. Les \u00e9changes sont rythm\u00e9s par beaucoup &hellip; <\/p>\n<p class=\"link-more\"><a href=\"http:\/\/laparoleguerit.fr\/?page_id=156\" class=\"more-link\">Continuer la lecture<span class=\"screen-reader-text\"> de &laquo;&nbsp;T\u00e9moignages&nbsp;&raquo;<\/span><\/a><\/p>\n","protected":false},"author":2,"featured_media":0,"parent":0,"menu_order":10,"comment_status":"closed","ping_status":"closed","template":"","meta":[],"aioseo_notices":[],"_links":{"self":[{"href":"http:\/\/laparoleguerit.fr\/index.php?rest_route=\/wp\/v2\/pages\/156"}],"collection":[{"href":"http:\/\/laparoleguerit.fr\/index.php?rest_route=\/wp\/v2\/pages"}],"about":[{"href":"http:\/\/laparoleguerit.fr\/index.php?rest_route=\/wp\/v2\/types\/page"}],"author":[{"embeddable":true,"href":"http:\/\/laparoleguerit.fr\/index.php?rest_route=\/wp\/v2\/users\/2"}],"replies":[{"embeddable":true,"href":"http:\/\/laparoleguerit.fr\/index.php?rest_route=%2Fwp%2Fv2%2Fcomments&post=156"}],"version-history":[{"count":8,"href":"http:\/\/laparoleguerit.fr\/index.php?rest_route=\/wp\/v2\/pages\/156\/revisions"}],"predecessor-version":[{"id":179,"href":"http:\/\/laparoleguerit.fr\/index.php?rest_route=\/wp\/v2\/pages\/156\/revisions\/179"}],"wp:attachment":[{"href":"http:\/\/laparoleguerit.fr\/index.php?rest_route=%2Fwp%2Fv2%2Fmedia&parent=156"}],"curies":[{"name":"wp","href":"https:\/\/api.w.org\/{rel}","templated":true}]}}