{"id":37,"date":"2020-10-22T22:31:07","date_gmt":"2020-10-22T20:31:07","guid":{"rendered":"http:\/\/laparoleguerit.fr\/?page_id=37"},"modified":"2026-01-05T18:21:56","modified_gmt":"2026-01-05T17:21:56","slug":"ce-qui-enrichit-ma-pratique","status":"publish","type":"page","link":"http:\/\/laparoleguerit.fr\/?page_id=37","title":{"rendered":"Ce qui enrichit ma pratique"},"content":{"rendered":"\n<p>J&rsquo;ai la chance de rencontrer des couples dans de nombreux contextes :  <\/p>\n\n\n\n<ul><li>La pr\u00e9paration au mariage<\/li><li>L&rsquo;animation de groupes de partage avec des \u00ab\u00a0jeunes\u00a0\u00bb couples<\/li><li>L&rsquo;animation de groupes de partage avec des couples de \u00ab\u00a0pairs\u00a0\u00bb<\/li><\/ul>\n\n\n\n<p>Ce sont \u00e0 chaque fois des \u00e9changes riches et profonds qui me font r\u00e9fl\u00e9chir et inspirent ma pratique.<\/p>\n\n\n\n<p>Toujours passionn\u00e9e par l&rsquo;intervention syst\u00e9mique &#8211; et la th\u00e9rapie de couple syst\u00e9mique en particulier -, je participe aux \u00e9v\u00e9nements qui traitent de ce sujet, et je guette les formations qui m&rsquo;inspirent, en particulier ce qui propos\u00e9 par le site \u00ab\u00a0<a href=\"https:\/\/app.complexe-systemique.com\/fr_FR\/\">Complexe Syst\u00e9mique<\/a>\u00ab\u00a0. <\/p>\n","protected":false},"excerpt":{"rendered":"<p>J&rsquo;ai la chance de rencontrer des couples dans de nombreux contextes : La pr\u00e9paration au mariage L&rsquo;animation de groupes de partage avec des \u00ab\u00a0jeunes\u00a0\u00bb couples L&rsquo;animation de groupes de partage avec des couples de \u00ab\u00a0pairs\u00a0\u00bb Ce sont \u00e0 chaque fois des \u00e9changes riches et profonds qui me font r\u00e9fl\u00e9chir et inspirent ma pratique. Toujours passionn\u00e9e &hellip; <\/p>\n<p class=\"link-more\"><a href=\"http:\/\/laparoleguerit.fr\/?page_id=37\" class=\"more-link\">Continuer la lecture<span class=\"screen-reader-text\"> de &laquo;&nbsp;Ce qui enrichit ma pratique&nbsp;&raquo;<\/span><\/a><\/p>\n","protected":false},"author":2,"featured_media":0,"parent":5,"menu_order":2,"comment_status":"closed","ping_status":"closed","template":"","meta":[],"aioseo_notices":[],"_links":{"self":[{"href":"http:\/\/laparoleguerit.fr\/index.php?rest_route=\/wp\/v2\/pages\/37"}],"collection":[{"href":"http:\/\/laparoleguerit.fr\/index.php?rest_route=\/wp\/v2\/pages"}],"about":[{"href":"http:\/\/laparoleguerit.fr\/index.php?rest_route=\/wp\/v2\/types\/page"}],"author":[{"embeddable":true,"href":"http:\/\/laparoleguerit.fr\/index.php?rest_route=\/wp\/v2\/users\/2"}],"replies":[{"embeddable":true,"href":"http:\/\/laparoleguerit.fr\/index.php?rest_route=%2Fwp%2Fv2%2Fcomments&post=37"}],"version-history":[{"count":8,"href":"http:\/\/laparoleguerit.fr\/index.php?rest_route=\/wp\/v2\/pages\/37\/revisions"}],"predecessor-version":[{"id":191,"href":"http:\/\/laparoleguerit.fr\/index.php?rest_route=\/wp\/v2\/pages\/37\/revisions\/191"}],"up":[{"embeddable":true,"href":"http:\/\/laparoleguerit.fr\/index.php?rest_route=\/wp\/v2\/pages\/5"}],"wp:attachment":[{"href":"http:\/\/laparoleguerit.fr\/index.php?rest_route=%2Fwp%2Fv2%2Fmedia&parent=37"}],"curies":[{"name":"wp","href":"https:\/\/api.w.org\/{rel}","templated":true}]}}