{"id":40,"date":"2020-10-22T22:32:19","date_gmt":"2020-10-22T20:32:19","guid":{"rendered":"http:\/\/laparoleguerit.fr\/?page_id=40"},"modified":"2022-10-07T21:44:56","modified_gmt":"2022-10-07T19:44:56","slug":"mon-mari-parle-de-moi","status":"publish","type":"page","link":"http:\/\/laparoleguerit.fr\/?page_id=40","title":{"rendered":"Mon mari parle de moi"},"content":{"rendered":"\n<p>Je ne sais pas parler de moi,  j\u2019ai choisi de laisser parler mon mari\u2026 <\/p>\n\n\n\n<p><em>\u00ab\u00a0J\u2019ai rencontr\u00e9 Florence en 1987. Tout de suite, nous avons \u00e9t\u00e9 attir\u00e9s l\u2019un par l\u2019autre, tr\u00e8s vite nous nous sommes \u00ab&nbsp;mis ensemble&nbsp;\u00bb, assez vite nous avons eu notre premier enfant. <\/em><\/p>\n\n\n\n<p><em>Notre relation a d\u00e8s le d\u00e9part \u00e9t\u00e9 compliqu\u00e9e. Un long \u00e9pisode d\u2019\u00e9loignement g\u00e9ographique qui nous a physiquement s\u00e9par\u00e9s, mais surtout un vrai \u00e9loignement que nous n\u2019arrivions pas \u00e0 combler, m\u00eame quand nous avons commenc\u00e9 \u00e0 vivre sous le m\u00eame toit. <\/em><\/p>\n\n\n\n<p><em>Florence est une personne enti\u00e8re. Ce qu\u2019elle attend de la relation, c\u2019est tout, ce qu\u2019elle y met, c\u2019est tout. Cet engagement, c\u2019est ce que j\u2019aimais (et ce que j\u2019aime toujours) infiniment en elle. Mais longtemps, notre relation ne lui a pas donn\u00e9 ce qu\u2019elle cherchait. Sans doute, par peur, me tenais-je trop sur la r\u00e9serve\u2026 <\/em><\/p>\n\n\n\n<p><em>Les choses ont commenc\u00e9 \u00e0 changer en 1995 : chez un th\u00e9rapeute de couple, la compr\u00e9hension qu\u2019il y a, en plus de nous deux, une troisi\u00e8me composante, qu\u2019on appelle \u00ab&nbsp;la relation&nbsp;\u00bb qui a sa vie propre, dont il faut prendre soin ; l\u2019irruption d\u2019un \u00ab&nbsp;nous&nbsp;\u00bb que nous devons construire, et qui nous demande des efforts, des renoncements, mais qui est un chemin de lib\u00e9ration et de bonheur.<\/em><\/p>\n\n\n\n<p><em>Pour elle (et pour moi aussi, mais plus lentement), une nouvelle vision du monde, et cette phrase que nous n\u2019avons jamais fini de m\u00e9diter&nbsp;: \u00ab&nbsp;la relation contient le monde&nbsp;\u00bb. <\/em><\/p>\n\n\n\n<p><em>Cette phrase l\u2019a emmen\u00e9e sur de nouvelles terres. <\/em><\/p>\n\n\n\n<p><em>Elle s\u2019est form\u00e9e \u00e0 l&rsquo;approche syst\u00e9mique, c\u2019est-\u00e0-dire \u00e0 cette approche du soin qui donne le primat \u00e0 la relation, qui aborde les d\u00e9sordres des individus comme d\u2019abord li\u00e9s au contexte et aux relations dans lesquelles ils vivent (le syst\u00e8me donc).<\/em><\/p>\n\n\n\n<p><em>Elle a commenc\u00e9 \u00e0 exercer, d\u2019abord dans le domaine de l\u2019entreprise&nbsp;: coaching, formation, direction d\u2019entreprise, tous des champs o\u00f9 la vision syst\u00e9mique cr\u00e9e de la fluidit\u00e9 et apaise les souffrances. <\/em><\/p>\n\n\n\n<p><em>Plus tard, avec la vente de l\u2019entreprise que nous avions cr\u00e9\u00e9e et dirig\u00e9e ensemble, Florence prend une nouvelle orientation. Elle compl\u00e8te sa formation, et ouvre une consultation pour les couples. <\/em><\/p>\n\n\n\n<p><em>Pour elle (comme pour moi), le couple, c\u2019est ce qui nous porte vers quelque chose de plus grand que nous. <\/em><\/p>\n\n\n\n<p><em>Le couple, on doit l\u2019aider, \u00e0 ses d\u00e9buts, \u00e0 travers ses h\u00e9sitations et ses crises, et m\u00eame quand il arrive \u00e0 son terme. <\/em><\/p>\n\n\n\n<p><em>Le t\u00e9moignage que Florence porte, dans sa vie comme dans sa consultation, c\u2019est la beaut\u00e9 du couple, l\u2019espoir qu\u2019il porte en lui, un espoir qui doit le porter au-del\u00e0 de toutes les difficult\u00e9s, tous les d\u00e9sespoirs. <\/em><\/p>\n\n\n\n<p><em>Car, oui, le couple est un chemin de vie et d\u2019accomplissement. &nbsp;<\/em><\/p>\n\n\n\n<p><em>Profond\u00e9ment, je sais que la vocation de Florence, c\u2019est l\u2019accompagnement du couple.\u00a0\u00bb <\/em><\/p>\n\n\n\n<p class=\"has-text-align-center\">Benoit<\/p>\n","protected":false},"excerpt":{"rendered":"<p>Je ne sais pas parler de moi, j\u2019ai choisi de laisser parler mon mari\u2026 \u00ab\u00a0J\u2019ai rencontr\u00e9 Florence en 1987. Tout de suite, nous avons \u00e9t\u00e9 attir\u00e9s l\u2019un par l\u2019autre, tr\u00e8s vite nous nous sommes \u00ab&nbsp;mis ensemble&nbsp;\u00bb, assez vite nous avons eu notre premier enfant. Notre relation a d\u00e8s le d\u00e9part \u00e9t\u00e9 compliqu\u00e9e. Un long \u00e9pisode &hellip; <\/p>\n<p class=\"link-more\"><a href=\"http:\/\/laparoleguerit.fr\/?page_id=40\" class=\"more-link\">Continuer la lecture<span class=\"screen-reader-text\"> de &laquo;&nbsp;Mon mari parle de moi&nbsp;&raquo;<\/span><\/a><\/p>\n","protected":false},"author":2,"featured_media":0,"parent":5,"menu_order":1,"comment_status":"closed","ping_status":"closed","template":"","meta":[],"aioseo_notices":[],"_links":{"self":[{"href":"http:\/\/laparoleguerit.fr\/index.php?rest_route=\/wp\/v2\/pages\/40"}],"collection":[{"href":"http:\/\/laparoleguerit.fr\/index.php?rest_route=\/wp\/v2\/pages"}],"about":[{"href":"http:\/\/laparoleguerit.fr\/index.php?rest_route=\/wp\/v2\/types\/page"}],"author":[{"embeddable":true,"href":"http:\/\/laparoleguerit.fr\/index.php?rest_route=\/wp\/v2\/users\/2"}],"replies":[{"embeddable":true,"href":"http:\/\/laparoleguerit.fr\/index.php?rest_route=%2Fwp%2Fv2%2Fcomments&post=40"}],"version-history":[{"count":3,"href":"http:\/\/laparoleguerit.fr\/index.php?rest_route=\/wp\/v2\/pages\/40\/revisions"}],"predecessor-version":[{"id":150,"href":"http:\/\/laparoleguerit.fr\/index.php?rest_route=\/wp\/v2\/pages\/40\/revisions\/150"}],"up":[{"embeddable":true,"href":"http:\/\/laparoleguerit.fr\/index.php?rest_route=\/wp\/v2\/pages\/5"}],"wp:attachment":[{"href":"http:\/\/laparoleguerit.fr\/index.php?rest_route=%2Fwp%2Fv2%2Fmedia&parent=40"}],"curies":[{"name":"wp","href":"https:\/\/api.w.org\/{rel}","templated":true}]}}