{"id":42,"date":"2020-10-22T22:45:24","date_gmt":"2020-10-22T20:45:24","guid":{"rendered":"http:\/\/laparoleguerit.fr\/?page_id=42"},"modified":"2022-10-07T21:46:46","modified_gmt":"2022-10-07T19:46:46","slug":"vers-le-mariage-ou-lengagement-de-vie-commune","status":"publish","type":"page","link":"http:\/\/laparoleguerit.fr\/?page_id=42","title":{"rendered":"Vers le mariage (ou l&rsquo;engagement de vie commune)"},"content":{"rendered":"\n<p>Vous allez vous marier ? ou vous engager dans la vie commune ? <strong>Faites-vous un petit cadeau<\/strong> pour prendre un bon d\u00e9part ! <\/p>\n\n\n\n<p> En 5 s\u00e9ances de 1 heure, avec vous deux, nous parlerons de l&rsquo;engagement que vous prenez l&rsquo;un vis-\u00e0-vis de l&rsquo;autre, et poserons des bases pour une union solide et fructueuse. <\/p>\n\n\n\n<p>Car s&rsquo;engager vers un lien durable, dans un monde, dans une culture qui porte tellement \u00e0 la pr\u00e9carit\u00e9, \u00e0 la pluralit\u00e9 des exp\u00e9riences, \u00e0 la rupture,  <strong>est-ce bien raisonnable, est-ce possible<\/strong> ? A-t-on vraiment la capacit\u00e9 \u00e0 vivre longtemps, sa vie enti\u00e8re peut-\u00eatre, avec une seule autre personne ? <\/p>\n\n\n\n<p>Ce sont des bonnes questions&#8230;. <\/p>\n\n\n\n<p>Une erreur serait de ne pas se les poser, en consid\u00e9rant ou bien que c\u2019est facile et naturel, que \u00e7a se fera tout seul (une vision romantique), ou bien que c\u2019est si difficile qu\u2019il vaut mieux \u00e9viter d&rsquo;en parler et se pr\u00e9parer d\u00e9j\u00e0 au pire qui risque bien d\u2019arriver (une vision pessimiste et r\u00e9sign\u00e9e).<\/p>\n\n\n\n<p>Je vous propose d&rsquo;<strong>aborder ces questions de front.<\/strong><\/p>\n\n\n\n<p>Nous travaillerons sur<\/p>\n\n\n\n<ul><li>Votre couple de la rencontre \u00e0 aujourd&rsquo;hui : une belle histoire \u00e0 revisiter<\/li><li> L&rsquo;autre, une merveille que je ch\u00e9ris et dont je prends soin <\/li><li> Comment nous comprendre au-del\u00e0 de nos diff\u00e9rences de fonctionnement ? <\/li><li> Devons-nous renoncer \u00e0 quelque chose de nous-m\u00eames pour devenir un couple ?  <\/li><li> Quelle construction r\u00eavons-nous de faire ensemble ? <\/li><\/ul>\n\n\n\n<p>Je vous aiderai ainsi \u00e0 <strong>poser la premi\u00e8re pierre des fondations de votre construction commune<\/strong>. <\/p>\n\n\n\n<figure class=\"wp-block-image\"><img src=\"http:\/\/florence-et-benoit-dubois-taine.fr\/wp-content\/uploads\/2020\/09\/amoureux-1024x768.jpg\" alt=\"\" class=\"wp-image-428\"\/><\/figure>\n","protected":false},"excerpt":{"rendered":"<p>Vous allez vous marier ? ou vous engager dans la vie commune ? Faites-vous un petit cadeau pour prendre un bon d\u00e9part ! En 5 s\u00e9ances de 1 heure, avec vous deux, nous parlerons de l&rsquo;engagement que vous prenez l&rsquo;un vis-\u00e0-vis de l&rsquo;autre, et poserons des bases pour une union solide et fructueuse. Car s&rsquo;engager &hellip; <\/p>\n<p class=\"link-more\"><a href=\"http:\/\/laparoleguerit.fr\/?page_id=42\" class=\"more-link\">Continuer la lecture<span class=\"screen-reader-text\"> de &laquo;&nbsp;Vers le mariage (ou l&rsquo;engagement de vie commune)&nbsp;&raquo;<\/span><\/a><\/p>\n","protected":false},"author":2,"featured_media":0,"parent":74,"menu_order":4,"comment_status":"closed","ping_status":"closed","template":"","meta":[],"aioseo_notices":[],"_links":{"self":[{"href":"http:\/\/laparoleguerit.fr\/index.php?rest_route=\/wp\/v2\/pages\/42"}],"collection":[{"href":"http:\/\/laparoleguerit.fr\/index.php?rest_route=\/wp\/v2\/pages"}],"about":[{"href":"http:\/\/laparoleguerit.fr\/index.php?rest_route=\/wp\/v2\/types\/page"}],"author":[{"embeddable":true,"href":"http:\/\/laparoleguerit.fr\/index.php?rest_route=\/wp\/v2\/users\/2"}],"replies":[{"embeddable":true,"href":"http:\/\/laparoleguerit.fr\/index.php?rest_route=%2Fwp%2Fv2%2Fcomments&post=42"}],"version-history":[{"count":4,"href":"http:\/\/laparoleguerit.fr\/index.php?rest_route=\/wp\/v2\/pages\/42\/revisions"}],"predecessor-version":[{"id":152,"href":"http:\/\/laparoleguerit.fr\/index.php?rest_route=\/wp\/v2\/pages\/42\/revisions\/152"}],"up":[{"embeddable":true,"href":"http:\/\/laparoleguerit.fr\/index.php?rest_route=\/wp\/v2\/pages\/74"}],"wp:attachment":[{"href":"http:\/\/laparoleguerit.fr\/index.php?rest_route=%2Fwp%2Fv2%2Fmedia&parent=42"}],"curies":[{"name":"wp","href":"https:\/\/api.w.org\/{rel}","templated":true}]}}