{"id":43,"date":"2020-10-22T22:34:17","date_gmt":"2020-10-22T20:34:17","guid":{"rendered":"http:\/\/laparoleguerit.fr\/?page_id=43"},"modified":"2022-10-07T21:46:20","modified_gmt":"2022-10-07T19:46:20","slug":"au-moment-des-etapes-cle-de-sa-vie","status":"publish","type":"page","link":"http:\/\/laparoleguerit.fr\/?page_id=43","title":{"rendered":"Au moment des \u00e9tapes cl\u00e9 de sa vie"},"content":{"rendered":"\n<p>La vie de couple n&rsquo;est <strong>pas un long fleuve tranquille.<\/strong> <\/p>\n\n\n\n<p>Elle a ses hauts, elle a ses bas. Elle conna\u00eet des moments de grand bonheur, mais aussi des passages difficiles, des passages o\u00f9 l\u2019on doute, o\u00f9 l\u2019on souffre, o\u00f9 la communication dans le couple se d\u00e9grade. <\/p>\n\n\n\n<p>Ces passages difficiles peuvent venir \u00e0 tout moment, par\n\u00ab&nbsp;usure&nbsp;\u00bb. Ou bien ils peuvent survenir \u00e0 l\u2019occasion de certains\n\u00e9v\u00e9nements de la vie&nbsp;: <\/p>\n\n\n\n<ul><li>La  naissance des enfants&nbsp;<\/li><li>Les difficult\u00e9s dans l&rsquo;\u00e9ducation des enfants : probl\u00e8mes de sant\u00e9, scolaires, ou  psychologiques&nbsp;<\/li><li>Les  difficult\u00e9s au travail, le ch\u00f4mage&nbsp;<\/li><li>Le d\u00e9part des enfants <\/li><li>Le d\u00e9part \u00e0 la retraite <\/li><li>La maladie, le deuil<\/li><li>Etc\u2026<\/li><\/ul>\n\n\n\n<p>Ces \u00e9v\u00e9nements, nous les vivons tous&nbsp;; <strong>ces passages, nous les affrontons tous. Ils mettent la relation de couple \u00e0 l\u2019\u00e9preuve. <\/strong><\/p>\n\n\n\n<p>Dans ces moments, il devient plus que jamais n\u00e9cessaire  de discuter de la situation qui se pr\u00e9sente, d&rsquo;<strong>affronter ensemble <\/strong>ce nouvel \u00e9v\u00e9nement qui nous bouscule. <\/p>\n\n\n\n<ul><li>Que faire de ce b\u00e9b\u00e9 qui pleure en permanence et nous rend fous ?<\/li><li>Comment g\u00e9rer cette enfant qui ne veut plus aller \u00e0 l&rsquo;\u00e9cole car elle est \u00ab\u00a0maltrait\u00e9e\u00a0\u00bb par les autres ?<\/li><li>Comment avancer par rapport \u00e0 ce travail qu&rsquo;il est impossible de continuer, mais tout aussi impossible de quitter ?<\/li><li>Comment vivre seule toute la journ\u00e9e dans une grande maison d\u00e9sert\u00e9e ?<\/li><\/ul>\n\n\n\n<p>Il est normal  d&rsquo;\u00eatre d\u00e9sempar\u00e9 , d&rsquo;\u00eatre en col\u00e8re, ou simplement triste, quand une situation nouvelle se pr\u00e9sente et nous d\u00e9passe.<\/p>\n\n\n\n<p>Il n&rsquo;y a pas de r\u00e9ponse simple \u00e0 ces questions, et il peut \u00eatre tentant de laisser l&rsquo;autre \u00ab\u00a0se d\u00e9brouiller tout seul\u00a0\u00bb avec \u00ab\u00a0son\u00a0\u00bb probl\u00e8me, tant on se sent impuissant \u00e0 l&rsquo;aider. Elle n&rsquo;a pas envie de se \u00ab\u00a0prendre la t\u00eate\u00a0\u00bb avec ses probl\u00e8mes de boulot, il n&rsquo;a pas envie de se \u00ab\u00a0prendre la t\u00eate\u00a0\u00bb avec ses probl\u00e8mes de gestion du gamin, chacun doit se d\u00e9brouiller sur son terrain. <\/p>\n\n\n\n<p>Or face \u00e0 des reconfigurations de vie (changer de travail, d\u00e9m\u00e9nager, changer ses enfants de nounou ou d&rsquo;\u00e9cole, changer son comportement face \u00e0 un adolescent, etc..), il est indispensable <strong>de dialoguer dans le couple, de \u00ab\u00a0ren\u00e9gocier\u00a0\u00bb les accords, <\/strong>et ce n&rsquo;est pas simple de le faire en face \u00e0 face, tant il y a de choses qu&rsquo;on n&rsquo;ose pas avouer, de col\u00e8res, de peurs, de sentiment d&rsquo;injustice. <\/p>\n\n\n\n<p>Je propose aux couples une aide pour \u00ab\u00a0passer\u00a0\u00bb ces \u00e9tapes de leur vie. A trois, dans l&rsquo;intimit\u00e9 de ma petite salle de consultation, la parole se lib\u00e8re&#8230; nous pouvons apaiser  une situation devenue tendue comme avancer sur un probl\u00e8me per\u00e7u comme inextricable.<\/p>\n\n\n\n<p>Et souvent, quand chacun a pu s&rsquo;exprimer tranquillement et que les malentendus ont \u00e9t\u00e9 lev\u00e9s,  quand chacun comprend mieux les besoins et les craintes de l&rsquo;autre, la puissance cr\u00e9atrice du couple renait, la construction commune peut reprendre son \u00e9lan, dans une direction diff\u00e9rente sans doute, <strong>grandie par l&rsquo;\u00e9tape qui vient d&rsquo;\u00eatre franchie. <\/strong><\/p>\n\n\n\n<figure class=\"wp-block-image\"><img src=\"http:\/\/florence-et-benoit-dubois-taine.fr\/wp-content\/uploads\/2020\/09\/convresant-dos-\u00e0-dos-1024x768.jpg\" alt=\"\" class=\"wp-image-431\"\/><\/figure>\n","protected":false},"excerpt":{"rendered":"<p>La vie de couple n&rsquo;est pas un long fleuve tranquille. Elle a ses hauts, elle a ses bas. Elle conna\u00eet des moments de grand bonheur, mais aussi des passages difficiles, des passages o\u00f9 l\u2019on doute, o\u00f9 l\u2019on souffre, o\u00f9 la communication dans le couple se d\u00e9grade. Ces passages difficiles peuvent venir \u00e0 tout moment, par &hellip; <\/p>\n<p class=\"link-more\"><a href=\"http:\/\/laparoleguerit.fr\/?page_id=43\" class=\"more-link\">Continuer la lecture<span class=\"screen-reader-text\"> de &laquo;&nbsp;Au moment des \u00e9tapes cl\u00e9 de sa vie&nbsp;&raquo;<\/span><\/a><\/p>\n","protected":false},"author":2,"featured_media":0,"parent":74,"menu_order":5,"comment_status":"closed","ping_status":"closed","template":"","meta":[],"aioseo_notices":[],"_links":{"self":[{"href":"http:\/\/laparoleguerit.fr\/index.php?rest_route=\/wp\/v2\/pages\/43"}],"collection":[{"href":"http:\/\/laparoleguerit.fr\/index.php?rest_route=\/wp\/v2\/pages"}],"about":[{"href":"http:\/\/laparoleguerit.fr\/index.php?rest_route=\/wp\/v2\/types\/page"}],"author":[{"embeddable":true,"href":"http:\/\/laparoleguerit.fr\/index.php?rest_route=\/wp\/v2\/users\/2"}],"replies":[{"embeddable":true,"href":"http:\/\/laparoleguerit.fr\/index.php?rest_route=%2Fwp%2Fv2%2Fcomments&post=43"}],"version-history":[{"count":4,"href":"http:\/\/laparoleguerit.fr\/index.php?rest_route=\/wp\/v2\/pages\/43\/revisions"}],"predecessor-version":[{"id":151,"href":"http:\/\/laparoleguerit.fr\/index.php?rest_route=\/wp\/v2\/pages\/43\/revisions\/151"}],"up":[{"embeddable":true,"href":"http:\/\/laparoleguerit.fr\/index.php?rest_route=\/wp\/v2\/pages\/74"}],"wp:attachment":[{"href":"http:\/\/laparoleguerit.fr\/index.php?rest_route=%2Fwp%2Fv2%2Fmedia&parent=43"}],"curies":[{"name":"wp","href":"https:\/\/api.w.org\/{rel}","templated":true}]}}