{"id":46,"date":"2020-10-22T22:35:26","date_gmt":"2020-10-22T20:35:26","guid":{"rendered":"http:\/\/laparoleguerit.fr\/?page_id=46"},"modified":"2022-10-07T21:40:28","modified_gmt":"2022-10-07T19:40:28","slug":"quand-ca-va-mal-therapie-de-couple","status":"publish","type":"page","link":"http:\/\/laparoleguerit.fr\/?page_id=46","title":{"rendered":"Quand \u00e7a va mal&#8230;"},"content":{"rendered":"\n<p>Et parfois, rien ne va plus. <\/p>\n\n\n\n<p><strong>Vous vous disputez<\/strong> \u00e0 longueur de temps. Vous vous infligez des blessures de plus en plus grandes ; des mots qui font mal, parfois des gestes, vous perdez votre sang-froid.  Les enfants sont au milieu, pris \u00e0 parti dans un jeu qui les d\u00e9passe. Vous savez qu&rsquo;il faut que \u00e7a cesse, que \u00e7a ne peut plus durer comme \u00e7a, vous prenez des r\u00e9solutions, vous faites des efforts, mais rien n&rsquo;y fait, vous  recommencez.<\/p>\n\n\n\n<p>Ou alors <strong>vous vous \u00e9vitez. <\/strong><\/p>\n\n\n\n<p>Vous vivez chacun dans votre monde, vous n\u2019avez plus de vie affective et sexuelle. Vous rentrez le plus tard possible du boulot. Vous \u00eates obs\u00e9d\u00e9 du m\u00e9nage, il n\u2019y en a plus que pour les enfants. Vous \u00eates sur les r\u00e9seaux sociaux \u00e0 longueur de journ\u00e9e, ou vous faites des jeux vid\u00e9o&nbsp;; vous buvez de plus en plus, vous consommez du porno\u2026 Ou vous \u00eates simplement d\u00e9prim\u00e9,  vous n&rsquo;avez plus go\u00fbt \u00e0 rien.<\/p>\n\n\n\n<p>Si vous \u00eates dans une de ces impasses, je vous en conjure, faites vous aider ! <strong>Ne vous laissez pas d\u00e9courager<\/strong> (\u00ab\u00a0\u00e7a ne peut pas \/ plus changer\u00a0\u00bb) ; <strong>Ne minimisez pas<\/strong> (\u00ab\u00a0ce n&rsquo;est pas si grave, tous les couples ont des probl\u00e8mes \u00e0 un moment ou un autre\u00a0\u00bb) ; <strong>Ne vous mentez pas \u00e0 vous-m\u00eame<\/strong> (\u00ab\u00a0le temps r\u00e9soudra les probl\u00e8mes\u00a0\u00bb).<\/p>\n\n\n\n<p>R\u00e9agissez ! <\/p>\n\n\n\n<p>Que vous ne soyez d&rsquo;accord sur rien, ou que vous ne puissiez plus vous parler, si tout au fond de vous, vous voulez sauver votre couple, mettez de c\u00f4t\u00e9 votre col\u00e8re, vos craintes,  vos doutes et affrontez la vague, courageusement, <strong>en vous faisant aider<\/strong>. <\/p>\n\n\n\n<p>Si c&rsquo;est votre conjoint qui vous propose la d\u00e9marche, ne refusez pas, il n&rsquo;est pas votre ennemi, m\u00eame si vous avez du mal en ce moment \u00e0 le voir autrement&#8230;<\/p>\n\n\n\n<figure class=\"wp-block-image\"><img src=\"http:\/\/florence-et-benoit-dubois-taine.fr\/wp-content\/uploads\/2020\/09\/s\u00e9par\u00e9s-1024x768.jpg\" alt=\"\" class=\"wp-image-426\"\/><\/figure>\n","protected":false},"excerpt":{"rendered":"<p>Et parfois, rien ne va plus. Vous vous disputez \u00e0 longueur de temps. Vous vous infligez des blessures de plus en plus grandes ; des mots qui font mal, parfois des gestes, vous perdez votre sang-froid. Les enfants sont au milieu, pris \u00e0 parti dans un jeu qui les d\u00e9passe. Vous savez qu&rsquo;il faut que &hellip; <\/p>\n<p class=\"link-more\"><a href=\"http:\/\/laparoleguerit.fr\/?page_id=46\" class=\"more-link\">Continuer la lecture<span class=\"screen-reader-text\"> de &laquo;&nbsp;Quand \u00e7a va mal&#8230;&nbsp;&raquo;<\/span><\/a><\/p>\n","protected":false},"author":2,"featured_media":0,"parent":74,"menu_order":6,"comment_status":"closed","ping_status":"closed","template":"","meta":[],"aioseo_notices":[],"_links":{"self":[{"href":"http:\/\/laparoleguerit.fr\/index.php?rest_route=\/wp\/v2\/pages\/46"}],"collection":[{"href":"http:\/\/laparoleguerit.fr\/index.php?rest_route=\/wp\/v2\/pages"}],"about":[{"href":"http:\/\/laparoleguerit.fr\/index.php?rest_route=\/wp\/v2\/types\/page"}],"author":[{"embeddable":true,"href":"http:\/\/laparoleguerit.fr\/index.php?rest_route=\/wp\/v2\/users\/2"}],"replies":[{"embeddable":true,"href":"http:\/\/laparoleguerit.fr\/index.php?rest_route=%2Fwp%2Fv2%2Fcomments&post=46"}],"version-history":[{"count":2,"href":"http:\/\/laparoleguerit.fr\/index.php?rest_route=\/wp\/v2\/pages\/46\/revisions"}],"predecessor-version":[{"id":147,"href":"http:\/\/laparoleguerit.fr\/index.php?rest_route=\/wp\/v2\/pages\/46\/revisions\/147"}],"up":[{"embeddable":true,"href":"http:\/\/laparoleguerit.fr\/index.php?rest_route=\/wp\/v2\/pages\/74"}],"wp:attachment":[{"href":"http:\/\/laparoleguerit.fr\/index.php?rest_route=%2Fwp%2Fv2%2Fmedia&parent=46"}],"curies":[{"name":"wp","href":"https:\/\/api.w.org\/{rel}","templated":true}]}}