{"id":48,"date":"2020-10-22T22:36:19","date_gmt":"2020-10-22T20:36:19","guid":{"rendered":"http:\/\/laparoleguerit.fr\/?page_id=48"},"modified":"2022-10-07T22:04:41","modified_gmt":"2022-10-07T20:04:41","slug":"autour-du-deces-du-conjoint","status":"publish","type":"page","link":"http:\/\/laparoleguerit.fr\/?page_id=48","title":{"rendered":"Autour du d\u00e9c\u00e8s du conjoint"},"content":{"rendered":"\n<p>Que dire quand on ne sait plus quoi dire\u00a0?   <\/p>\n\n\n\n<p><strong>Comment exprimer l\u2019inexprimable<\/strong>, la perte de celui ou celle qui fut tout pour nous, sans qui nous ne savons pas qui nous sommes&nbsp;? Et \u00e0 qui peut-on parler, qui peut nous comprendre&nbsp;? <\/p>\n\n\n\n<p>Et pourtant, il faut parler. C\u2019est n\u00e9cessaire. Et en m\u00eame temps, c\u2019est impossible.<\/p>\n\n\n\n<p>N\u00e9cessaire et impossible. <\/p>\n\n\n\n<p><strong>Comment accepter l\u2019inacceptable<\/strong>&nbsp;? <\/p>\n\n\n\n<p>Comment admettre qu\u2019une telle souffrance puisse\nexister&nbsp;? <\/p>\n\n\n\n<p>Comment continuer \u00e0 vivre sans l\u2019autre, alors qu\u2019on ne peut\npas vivre sans l\u2019autre&nbsp;? <\/p>\n\n\n\n<p>Peut-on vivre sans trahir celui qui est parti&nbsp;? <\/p>\n\n\n\n<p>Et pourtant, on doit vivre. <\/p>\n\n\n\n<p>C\u2019est n\u00e9cessaire et impossible en m\u00eame temps. <\/p>\n\n\n\n<p>Parfois, le d\u00e9c\u00e8s peut nous apporter une forme de soulagement, tant le poids de la maladie nous a \u00e9puis\u00e9, tant la souffrance de l\u2019autre nous a fait souffrir. <\/p>\n\n\n\n<p>Mais <strong>a-t-on seulement le droit d\u2019\u00eatre soulag\u00e9<\/strong>&nbsp;? <\/p>\n\n\n\n<p>Ainsi le d\u00e9c\u00e8s de l\u2019autre nous apporte, en plus de la\ndouleur et de la solitude, cet \u00e9cheveau d\u2019impossibilit\u00e9s qui nous paralyse.\n&nbsp;<\/p>\n\n\n\n<p>Je n\u2019ai pas de r\u00e9ponse aux questions. Je ne sais pas ce\nqu\u2019il faut faire, je ne sais pas supprimer les impossibilit\u00e9s. <\/p>\n\n\n\n<p>Je peux juste ouvrir mon espace, pour \u00e9couter la parole \u2013 ou\nle silence. <\/p>\n\n\n\n<p>Et, en toute humilit\u00e9, <strong>offrir un peu de fraternit\u00e9<\/strong>, sur un lent chemin de r\u00e9conciliation. <\/p>\n\n\n\n<figure class=\"wp-block-image\"><img src=\"http:\/\/florence-et-benoit-dubois-taine.fr\/wp-content\/uploads\/2020\/10\/IMG_4415-1024x768.jpg\" alt=\"\" class=\"wp-image-458\"\/><\/figure>\n","protected":false},"excerpt":{"rendered":"<p>Que dire quand on ne sait plus quoi dire\u00a0? Comment exprimer l\u2019inexprimable, la perte de celui ou celle qui fut tout pour nous, sans qui nous ne savons pas qui nous sommes&nbsp;? Et \u00e0 qui peut-on parler, qui peut nous comprendre&nbsp;? Et pourtant, il faut parler. C\u2019est n\u00e9cessaire. Et en m\u00eame temps, c\u2019est impossible. N\u00e9cessaire &hellip; <\/p>\n<p class=\"link-more\"><a href=\"http:\/\/laparoleguerit.fr\/?page_id=48\" class=\"more-link\">Continuer la lecture<span class=\"screen-reader-text\"> de &laquo;&nbsp;Autour du d\u00e9c\u00e8s du conjoint&nbsp;&raquo;<\/span><\/a><\/p>\n","protected":false},"author":2,"featured_media":0,"parent":74,"menu_order":7,"comment_status":"closed","ping_status":"closed","template":"","meta":[],"aioseo_notices":[],"_links":{"self":[{"href":"http:\/\/laparoleguerit.fr\/index.php?rest_route=\/wp\/v2\/pages\/48"}],"collection":[{"href":"http:\/\/laparoleguerit.fr\/index.php?rest_route=\/wp\/v2\/pages"}],"about":[{"href":"http:\/\/laparoleguerit.fr\/index.php?rest_route=\/wp\/v2\/types\/page"}],"author":[{"embeddable":true,"href":"http:\/\/laparoleguerit.fr\/index.php?rest_route=\/wp\/v2\/users\/2"}],"replies":[{"embeddable":true,"href":"http:\/\/laparoleguerit.fr\/index.php?rest_route=%2Fwp%2Fv2%2Fcomments&post=48"}],"version-history":[{"count":2,"href":"http:\/\/laparoleguerit.fr\/index.php?rest_route=\/wp\/v2\/pages\/48\/revisions"}],"predecessor-version":[{"id":148,"href":"http:\/\/laparoleguerit.fr\/index.php?rest_route=\/wp\/v2\/pages\/48\/revisions\/148"}],"up":[{"embeddable":true,"href":"http:\/\/laparoleguerit.fr\/index.php?rest_route=\/wp\/v2\/pages\/74"}],"wp:attachment":[{"href":"http:\/\/laparoleguerit.fr\/index.php?rest_route=%2Fwp%2Fv2%2Fmedia&parent=48"}],"curies":[{"name":"wp","href":"https:\/\/api.w.org\/{rel}","templated":true}]}}