{"id":50,"date":"2020-10-22T22:37:09","date_gmt":"2020-10-22T20:37:09","guid":{"rendered":"http:\/\/laparoleguerit.fr\/?page_id=50"},"modified":"2026-01-05T18:24:04","modified_gmt":"2026-01-05T17:24:04","slug":"cest-quoi-un-couple","status":"publish","type":"page","link":"http:\/\/laparoleguerit.fr\/?page_id=50","title":{"rendered":"C&rsquo;est quoi, un couple"},"content":{"rendered":"\n<p>La vie du couple se trame autour de ces questions&nbsp;: <\/p>\n\n\n\n<ul><li>Comment le \u00ab&nbsp;nous&nbsp;\u00bb cohabite-t-il avec nos deux \u00ab&nbsp;uns&nbsp;\u00bb ?<\/li><li>Est-ce que le \u00ab&nbsp;un&nbsp;\u00bb continue \u00e0 avoir sa vie \u00ab&nbsp;personnelle&nbsp;\u00bb, son pr\u00e9 carr\u00e9, son jardin secret&nbsp;?<\/li><li>Qu\u2019est-ce qui est partag\u00e9, qu\u2019est-ce qui ne l\u2019est pas&nbsp;?<\/li><li>Et finalement, est-ce qu\u2019on peut tout partager&nbsp;? Ou est-ce que c\u2019est trop dangereux car on risque de s\u2019y perdre&nbsp;?<\/li><li>Est-ce que le \u00ab&nbsp;nous&nbsp;\u00bb risque d\u2019effacer le \u00ab&nbsp;un&nbsp;\u00bb&nbsp;?<\/li><\/ul>\n\n\n\n<p>Le discours actuel tend \u00e0 privil\u00e9gier un couple o\u00f9 chacun garde son autonomie, une alliance qui peut toujours se rompre et qui du coup n\u00e9cessite que chacun se prot\u00e8ge, ne s\u2019investisse pas trop, garde sa \u00ab&nbsp;libert\u00e9&nbsp;\u00bb. Et \u00e0 caricaturer et d\u00e9noncer le couple \u00ab&nbsp;fusionnel&nbsp;\u00bb, qui serait n\u00e9faste en ceci qu\u2019il annihilerait les richesses individuelles de chacun, et risquerait de \u00ab&nbsp;dissoudre&nbsp;\u00bb la personnalit\u00e9 de chacun. Avec toujours un soup\u00e7on d\u2019emprise de l\u2019un sur l\u2019autre, qui le d\u00e9poss\u00e8derait et le priverait ainsi de sa \u00ab&nbsp;libert\u00e9&nbsp;\u00bb.<\/p>\n\n\n\n<p>On a ainsi\nl\u2019impression que si j\u2019investis beaucoup dans le couple, ma bulle personnelle va\nse rabougrir, et que, a contrario, si j\u2019investis peu dans le couple, ma petite\nbulle personnelle pourra se d\u00e9velopper&nbsp;!<\/p>\n\n\n\n<p>Ou que pour aimer l\u2019autre, il faut <em>d\u2019abord<\/em> s\u2019aimer soi-m\u00eame\u2026<\/p>\n\n\n\n<p><strong>Faire un couple, \u00ab\u00a0faire couple\u00a0\u00bb, c\u2019est construire de l\u2019unit\u00e9 avec de l\u2019alt\u00e9rit\u00e9<\/strong>, c\u2019est construire un lien qui nous lib\u00e8re de nos enfermements st\u00e9riles \u00ab\u00a0de nous \u00e0 nous-m\u00eames\u00a0\u00bb, un lien qu\u2019il faut bien s\u00fbr apprendre \u00e0 faire fonctionner correctement\u00a0! C\u2019est <strong>une tension<\/strong>\u00a0; la tendance \u00e0 la d\u00e9sunion guette toujours du fait de nos diff\u00e9rences, et faire de nos diff\u00e9rences une union plut\u00f4t qu\u2019une d\u00e9sunion est un d\u00e9fi \u00a0permanent\u2026<\/p>\n\n\n\n<p>Si nos\ndiff\u00e9rences deviennent divergences et nous s\u00e9parent, nous perdons la partie.<\/p>\n\n\n\n<p>Si nos\ndiff\u00e9rences deviennent source d\u2019\u00e9largissement du monde et nous rapprochent,\nnous avan\u00e7ons dans notre &nbsp;construction\ncommune et chacun peut resplendir davantage. <\/p>\n\n\n\n<p>Alors quand des jeunes couples me font part de leurs questionnements, quand des couples plus murs me font part de leurs doutes, je leur dis, sans h\u00e9siter&nbsp;: \u00ab&nbsp;il n\u2019y a pas \u00e0 choisir entre le \u00ab&nbsp;je&nbsp;\u00bb et le \u00ab&nbsp;nous&nbsp;\u00bb, <strong>choisissez tout<\/strong>,&nbsp; et faites-vous aider quand vous en aurez besoin, &nbsp;\u00e7a marche&nbsp;!&nbsp;\u00bb.<\/p>\n","protected":false},"excerpt":{"rendered":"<p>La vie du couple se trame autour de ces questions&nbsp;: Comment le \u00ab&nbsp;nous&nbsp;\u00bb cohabite-t-il avec nos deux \u00ab&nbsp;uns&nbsp;\u00bb ? Est-ce que le \u00ab&nbsp;un&nbsp;\u00bb continue \u00e0 avoir sa vie \u00ab&nbsp;personnelle&nbsp;\u00bb, son pr\u00e9 carr\u00e9, son jardin secret&nbsp;? Qu\u2019est-ce qui est partag\u00e9, qu\u2019est-ce qui ne l\u2019est pas&nbsp;? Et finalement, est-ce qu\u2019on peut tout partager&nbsp;? Ou est-ce que c\u2019est &hellip; <\/p>\n<p class=\"link-more\"><a href=\"http:\/\/laparoleguerit.fr\/?page_id=50\" class=\"more-link\">Continuer la lecture<span class=\"screen-reader-text\"> de &laquo;&nbsp;C&rsquo;est quoi, un couple&nbsp;&raquo;<\/span><\/a><\/p>\n","protected":false},"author":2,"featured_media":0,"parent":0,"menu_order":8,"comment_status":"closed","ping_status":"closed","template":"","meta":[],"aioseo_notices":[],"_links":{"self":[{"href":"http:\/\/laparoleguerit.fr\/index.php?rest_route=\/wp\/v2\/pages\/50"}],"collection":[{"href":"http:\/\/laparoleguerit.fr\/index.php?rest_route=\/wp\/v2\/pages"}],"about":[{"href":"http:\/\/laparoleguerit.fr\/index.php?rest_route=\/wp\/v2\/types\/page"}],"author":[{"embeddable":true,"href":"http:\/\/laparoleguerit.fr\/index.php?rest_route=\/wp\/v2\/users\/2"}],"replies":[{"embeddable":true,"href":"http:\/\/laparoleguerit.fr\/index.php?rest_route=%2Fwp%2Fv2%2Fcomments&post=50"}],"version-history":[{"count":6,"href":"http:\/\/laparoleguerit.fr\/index.php?rest_route=\/wp\/v2\/pages\/50\/revisions"}],"predecessor-version":[{"id":192,"href":"http:\/\/laparoleguerit.fr\/index.php?rest_route=\/wp\/v2\/pages\/50\/revisions\/192"}],"wp:attachment":[{"href":"http:\/\/laparoleguerit.fr\/index.php?rest_route=%2Fwp%2Fv2%2Fmedia&parent=50"}],"curies":[{"name":"wp","href":"https:\/\/api.w.org\/{rel}","templated":true}]}}