{"id":52,"date":"2020-10-22T22:38:30","date_gmt":"2020-10-22T20:38:30","guid":{"rendered":"http:\/\/laparoleguerit.fr\/?page_id=52"},"modified":"2026-01-11T22:02:03","modified_gmt":"2026-01-11T21:02:03","slug":"comment-je-travaille","status":"publish","type":"page","link":"http:\/\/laparoleguerit.fr\/?page_id=52","title":{"rendered":"Comment je travaille"},"content":{"rendered":"\n<p>Je travaille selon <strong>l&rsquo;approche syst\u00e9mique<\/strong>.  J&rsquo;adore cette approche que je trouve d\u00e9culpabilisante, qui \u00ab\u00a0recadre\u00a0\u00bb les  difficult\u00e9s d&rsquo;une mani\u00e8re souvent \u00e9bouriffante, n&rsquo;enferme pas les gens  dans leurs sympt\u00f4mes, fait souffler un vent de libert\u00e9 et de cr\u00e9ativit\u00e9  m\u00eame (surtout ?) dans les situations les plus bloqu\u00e9es ! <\/p>\n\n\n\n<p>Le meilleur livre pour d\u00e9couvrir cette approche de mani\u00e8re synth\u00e9tique est selon moi le livre S\u00e9bastien Dupont, \u00ab La th\u00e9rapie familiale \u00bb, \u00e9ditions \u00ab\u00a0Que sais-je\u00a0\u00bb, 2022.<\/p>\n\n\n\n<p>Les couples qui viennent me voir sont tous diff\u00e9rents ; par leur \u00e2ge, par leurs origines, par l&rsquo;histoire qui les lie, par leurs croyances,  par les difficult\u00e9s qu&rsquo;ils am\u00e8nent. Mais quelle que soit l&rsquo;issue de leur relation, quels que soient leurs choix de vie,  ils ont toujours \u00e0 la fin de nos s\u00e9ances  relu leur histoire, donn\u00e9 un sens \u00e0 ce qu&rsquo;ils ont travers\u00e9, et retiss\u00e9 un peu de lien entre eux. <\/p>\n\n\n\n<p>Ma joie, ma fiert\u00e9, c&rsquo;est de <strong>voir un couple<\/strong> (et souvent une famille) <strong>qui allait mal reprendre sa route<\/strong> !<\/p>\n\n\n\n<figure class=\"wp-block-image size-large\"><img loading=\"lazy\" width=\"1024\" height=\"768\" src=\"http:\/\/laparoleguerit.fr\/wp-content\/uploads\/2026\/01\/IMG_2905-1024x768.jpg\" alt=\"\" class=\"wp-image-196\" srcset=\"http:\/\/laparoleguerit.fr\/wp-content\/uploads\/2026\/01\/IMG_2905-1024x768.jpg 1024w, http:\/\/laparoleguerit.fr\/wp-content\/uploads\/2026\/01\/IMG_2905-300x225.jpg 300w, http:\/\/laparoleguerit.fr\/wp-content\/uploads\/2026\/01\/IMG_2905-768x576.jpg 768w, http:\/\/laparoleguerit.fr\/wp-content\/uploads\/2026\/01\/IMG_2905-1536x1152.jpg 1536w, http:\/\/laparoleguerit.fr\/wp-content\/uploads\/2026\/01\/IMG_2905-2048x1536.jpg 2048w\" sizes=\"(max-width: 706px) 89vw, (max-width: 767px) 82vw, 740px\" \/><\/figure>\n","protected":false},"excerpt":{"rendered":"<p>Je travaille selon l&rsquo;approche syst\u00e9mique. J&rsquo;adore cette approche que je trouve d\u00e9culpabilisante, qui \u00ab\u00a0recadre\u00a0\u00bb les difficult\u00e9s d&rsquo;une mani\u00e8re souvent \u00e9bouriffante, n&rsquo;enferme pas les gens dans leurs sympt\u00f4mes, fait souffler un vent de libert\u00e9 et de cr\u00e9ativit\u00e9 m\u00eame (surtout ?) dans les situations les plus bloqu\u00e9es ! Le meilleur livre pour d\u00e9couvrir cette approche de mani\u00e8re &hellip; <\/p>\n<p class=\"link-more\"><a href=\"http:\/\/laparoleguerit.fr\/?page_id=52\" class=\"more-link\">Continuer la lecture<span class=\"screen-reader-text\"> de &laquo;&nbsp;Comment je travaille&nbsp;&raquo;<\/span><\/a><\/p>\n","protected":false},"author":2,"featured_media":0,"parent":0,"menu_order":9,"comment_status":"closed","ping_status":"closed","template":"","meta":[],"aioseo_notices":[],"_links":{"self":[{"href":"http:\/\/laparoleguerit.fr\/index.php?rest_route=\/wp\/v2\/pages\/52"}],"collection":[{"href":"http:\/\/laparoleguerit.fr\/index.php?rest_route=\/wp\/v2\/pages"}],"about":[{"href":"http:\/\/laparoleguerit.fr\/index.php?rest_route=\/wp\/v2\/types\/page"}],"author":[{"embeddable":true,"href":"http:\/\/laparoleguerit.fr\/index.php?rest_route=\/wp\/v2\/users\/2"}],"replies":[{"embeddable":true,"href":"http:\/\/laparoleguerit.fr\/index.php?rest_route=%2Fwp%2Fv2%2Fcomments&post=52"}],"version-history":[{"count":15,"href":"http:\/\/laparoleguerit.fr\/index.php?rest_route=\/wp\/v2\/pages\/52\/revisions"}],"predecessor-version":[{"id":200,"href":"http:\/\/laparoleguerit.fr\/index.php?rest_route=\/wp\/v2\/pages\/52\/revisions\/200"}],"wp:attachment":[{"href":"http:\/\/laparoleguerit.fr\/index.php?rest_route=%2Fwp%2Fv2%2Fmedia&parent=52"}],"curies":[{"name":"wp","href":"https:\/\/api.w.org\/{rel}","templated":true}]}}