{"id":54,"date":"2020-10-22T22:39:17","date_gmt":"2020-10-22T20:39:17","guid":{"rendered":"http:\/\/laparoleguerit.fr\/?page_id=54"},"modified":"2026-01-11T21:55:49","modified_gmt":"2026-01-11T20:55:49","slug":"venez-et-voyez","status":"publish","type":"page","link":"http:\/\/laparoleguerit.fr\/?page_id=54","title":{"rendered":"Venez et voyez"},"content":{"rendered":"\n<p>Je vous accueille au 53 bis rue de Loz\u00e8re \u00e0 Orsay (91). C&rsquo;est \u00e0 7 minutes \u00e0 pied du RER B Le Guichet. <\/p>\n\n\n\n<p>\n\nJe travaille chez moi. J&rsquo;ai am\u00e9nag\u00e9 une pi\u00e8ce tr\u00e8s agr\u00e9able, \u00ab\u00a0coll\u00e9e\u00a0\u00bb \u00e0 ma maison.  C&rsquo;est <strong>un lieu simple et beau<\/strong>, o\u00f9 nous pouvons parler en toute tranquillit\u00e9 et confidentialit\u00e9, et qui est symboliquement \u00ab\u00a0attach\u00e9\u00a0\u00bb au reste de ma vie ; car je ne peux pas aider un couple sans sentir pr\u00e8s de moi la \u00ab\u00a0base arri\u00e8re\u00a0\u00bb qu&rsquo;est mon propre couple.\n\n<\/p>\n\n\n\n<p>Pour prendre rendez-vous, vous pouvez m&rsquo;appeler au <strong>06.03.54.75.46.<\/strong><\/p>\n\n\n\n<p>Vous pouvez aussi m&rsquo;\u00e9crire \u00e0 <a href=\"mailto:fduboistaine@aol.com\">fduboistaine@aol.com<\/a><\/p>\n\n\n\n<p> Les rencontres durent 1 heure (1 heure 30 pour la premi\u00e8re) et co\u00fbtent 85 euros. L\u2019argent ne doit pas \u00eatre un obstacle, contactez moi en cas de difficult\u00e9. <\/p>\n\n\n\n<figure class=\"wp-block-image size-large\"><img loading=\"lazy\" width=\"1024\" height=\"768\" src=\"http:\/\/laparoleguerit.fr\/wp-content\/uploads\/2026\/01\/IMG_2906-1024x768.jpg\" alt=\"\" class=\"wp-image-194\" srcset=\"http:\/\/laparoleguerit.fr\/wp-content\/uploads\/2026\/01\/IMG_2906-1024x768.jpg 1024w, http:\/\/laparoleguerit.fr\/wp-content\/uploads\/2026\/01\/IMG_2906-300x225.jpg 300w, http:\/\/laparoleguerit.fr\/wp-content\/uploads\/2026\/01\/IMG_2906-768x576.jpg 768w, http:\/\/laparoleguerit.fr\/wp-content\/uploads\/2026\/01\/IMG_2906-1536x1152.jpg 1536w, http:\/\/laparoleguerit.fr\/wp-content\/uploads\/2026\/01\/IMG_2906-2048x1536.jpg 2048w\" sizes=\"(max-width: 706px) 89vw, (max-width: 767px) 82vw, 740px\" \/><\/figure>\n","protected":false},"excerpt":{"rendered":"<p>Je vous accueille au 53 bis rue de Loz\u00e8re \u00e0 Orsay (91). C&rsquo;est \u00e0 7 minutes \u00e0 pied du RER B Le Guichet. Je travaille chez moi. J&rsquo;ai am\u00e9nag\u00e9 une pi\u00e8ce tr\u00e8s agr\u00e9able, \u00ab\u00a0coll\u00e9e\u00a0\u00bb \u00e0 ma maison. C&rsquo;est un lieu simple et beau, o\u00f9 nous pouvons parler en toute tranquillit\u00e9 et confidentialit\u00e9, et qui est &hellip; <\/p>\n<p class=\"link-more\"><a href=\"http:\/\/laparoleguerit.fr\/?page_id=54\" class=\"more-link\">Continuer la lecture<span class=\"screen-reader-text\"> de &laquo;&nbsp;Venez et voyez&nbsp;&raquo;<\/span><\/a><\/p>\n","protected":false},"author":2,"featured_media":0,"parent":0,"menu_order":11,"comment_status":"closed","ping_status":"closed","template":"","meta":[],"aioseo_notices":[],"_links":{"self":[{"href":"http:\/\/laparoleguerit.fr\/index.php?rest_route=\/wp\/v2\/pages\/54"}],"collection":[{"href":"http:\/\/laparoleguerit.fr\/index.php?rest_route=\/wp\/v2\/pages"}],"about":[{"href":"http:\/\/laparoleguerit.fr\/index.php?rest_route=\/wp\/v2\/types\/page"}],"author":[{"embeddable":true,"href":"http:\/\/laparoleguerit.fr\/index.php?rest_route=\/wp\/v2\/users\/2"}],"replies":[{"embeddable":true,"href":"http:\/\/laparoleguerit.fr\/index.php?rest_route=%2Fwp%2Fv2%2Fcomments&post=54"}],"version-history":[{"count":8,"href":"http:\/\/laparoleguerit.fr\/index.php?rest_route=\/wp\/v2\/pages\/54\/revisions"}],"predecessor-version":[{"id":195,"href":"http:\/\/laparoleguerit.fr\/index.php?rest_route=\/wp\/v2\/pages\/54\/revisions\/195"}],"wp:attachment":[{"href":"http:\/\/laparoleguerit.fr\/index.php?rest_route=%2Fwp%2Fv2%2Fmedia&parent=54"}],"curies":[{"name":"wp","href":"https:\/\/api.w.org\/{rel}","templated":true}]}}