{"id":74,"date":"2020-10-23T00:02:19","date_gmt":"2020-10-22T22:02:19","guid":{"rendered":"http:\/\/laparoleguerit.fr\/?page_id=74"},"modified":"2022-10-09T22:09:19","modified_gmt":"2022-10-09T20:09:19","slug":"jaccompagne-le-couple","status":"publish","type":"page","link":"http:\/\/laparoleguerit.fr\/?page_id=74","title":{"rendered":"J&rsquo;accompagne le couple"},"content":{"rendered":"\n<p>La vie de couple est <strong>une construction<\/strong>. <\/p>\n\n\n\n<p>Comme toute construction, elle est progressive, elle est faite d&rsquo;essais et d&rsquo;erreurs, elle avance \u00e0 son rythme &#8211; parfois rapide, parfois lente &#8211; , elle s&rsquo;\u00e9loigne plus ou moins des plans d&rsquo;origine. <\/p>\n\n\n\n<p>Et parfois elle n&rsquo;avance plus, ou elle menace de s&rsquo;\u00e9crouler. Et on est tent\u00e9 d&rsquo;abandonner le chantier.  <\/p>\n\n\n\n<p>Dans toutes les situations, \u00e0 tous les stades de la construction, je suis l\u00e0 pour aider \u00e0 passer une \u00e9tape.<\/p>\n\n\n\n<p>Pour que votre construction soit telle que vous la vouliez dans vos r\u00eaves, et surtout <strong>bien au-del\u00e0 de ce que vous osiez imaginer.<\/strong><\/p>\n\n\n\n<figure class=\"wp-block-image\"><img src=\"http:\/\/florence-et-benoit-dubois-taine.fr\/wp-content\/uploads\/2020\/09\/se-donne-la-main-1024x768.jpg\" alt=\"\" class=\"wp-image-439\"\/><\/figure>\n","protected":false},"excerpt":{"rendered":"<p>La vie de couple est une construction. Comme toute construction, elle est progressive, elle est faite d&rsquo;essais et d&rsquo;erreurs, elle avance \u00e0 son rythme &#8211; parfois rapide, parfois lente &#8211; , elle s&rsquo;\u00e9loigne plus ou moins des plans d&rsquo;origine. Et parfois elle n&rsquo;avance plus, ou elle menace de s&rsquo;\u00e9crouler. Et on est tent\u00e9 d&rsquo;abandonner le &hellip; <\/p>\n<p class=\"link-more\"><a href=\"http:\/\/laparoleguerit.fr\/?page_id=74\" class=\"more-link\">Continuer la lecture<span class=\"screen-reader-text\"> de &laquo;&nbsp;J&rsquo;accompagne le couple&nbsp;&raquo;<\/span><\/a><\/p>\n","protected":false},"author":2,"featured_media":0,"parent":0,"menu_order":3,"comment_status":"closed","ping_status":"closed","template":"","meta":[],"aioseo_notices":[],"_links":{"self":[{"href":"http:\/\/laparoleguerit.fr\/index.php?rest_route=\/wp\/v2\/pages\/74"}],"collection":[{"href":"http:\/\/laparoleguerit.fr\/index.php?rest_route=\/wp\/v2\/pages"}],"about":[{"href":"http:\/\/laparoleguerit.fr\/index.php?rest_route=\/wp\/v2\/types\/page"}],"author":[{"embeddable":true,"href":"http:\/\/laparoleguerit.fr\/index.php?rest_route=\/wp\/v2\/users\/2"}],"replies":[{"embeddable":true,"href":"http:\/\/laparoleguerit.fr\/index.php?rest_route=%2Fwp%2Fv2%2Fcomments&post=74"}],"version-history":[{"count":2,"href":"http:\/\/laparoleguerit.fr\/index.php?rest_route=\/wp\/v2\/pages\/74\/revisions"}],"predecessor-version":[{"id":76,"href":"http:\/\/laparoleguerit.fr\/index.php?rest_route=\/wp\/v2\/pages\/74\/revisions\/76"}],"wp:attachment":[{"href":"http:\/\/laparoleguerit.fr\/index.php?rest_route=%2Fwp%2Fv2%2Fmedia&parent=74"}],"curies":[{"name":"wp","href":"https:\/\/api.w.org\/{rel}","templated":true}]}}